{"id":19755,"date":"2024-01-22T12:12:43","date_gmt":"2024-01-22T11:12:43","guid":{"rendered":"https:\/\/www.sauris.org\/unberuehrte-natur\/wege\/3c\/"},"modified":"2024-05-30T11:32:14","modified_gmt":"2024-05-30T09:32:14","slug":"3c","status":"publish","type":"page","link":"https:\/\/sandbox.sauris.org\/de\/unberuehrte-natur\/wege\/3c\/","title":{"rendered":"3C"},"content":{"rendered":"[vc_row type=&#8221;full_width_content&#8221; full_screen_row_position=&#8221;middle&#8221; column_margin=&#8221;default&#8221; column_direction=&#8221;default&#8221; column_direction_tablet=&#8221;default&#8221; column_direction_phone=&#8221;default&#8221; scene_position=&#8221;center&#8221; text_color=&#8221;dark&#8221; text_align=&#8221;left&#8221; row_border_radius=&#8221;none&#8221; row_border_radius_applies=&#8221;bg&#8221; overflow=&#8221;visible&#8221; class=&#8221;lineaMontBianca headerSentiero&#8221; enable_gradient=&#8221;true&#8221; color_overlay=&#8221;rgba(0,0,0,0.38)&#8221; color_overlay_2=&#8221;rgba(0,0,0,0.01)&#8221; overlay_strength=&#8221;1&#8243; gradient_direction=&#8221;top_to_bottom&#8221; shape_divider_position=&#8221;bottom&#8221; bg_image_animation=&#8221;none&#8221; gradient_type=&#8221;default&#8221; shape_type=&#8221;&#8221;][vc_column column_padding=&#8221;no-extra-padding&#8221; column_padding_tablet=&#8221;inherit&#8221; column_padding_phone=&#8221;inherit&#8221; column_padding_position=&#8221;all&#8221; column_element_direction_desktop=&#8221;default&#8221; column_element_spacing=&#8221;default&#8221; desktop_text_alignment=&#8221;default&#8221; tablet_text_alignment=&#8221;default&#8221; phone_text_alignment=&#8221;default&#8221; background_color_opacity=&#8221;1&#8243; background_hover_color_opacity=&#8221;1&#8243; column_backdrop_filter=&#8221;none&#8221; column_shadow=&#8221;none&#8221; column_border_radius=&#8221;none&#8221; column_link_target=&#8221;_self&#8221; column_position=&#8221;default&#8221; gradient_direction=&#8221;left_to_right&#8221; overlay_strength=&#8221;0.3&#8243; width=&#8221;1\/1&#8243; tablet_width_inherit=&#8221;default&#8221; animation_type=&#8221;default&#8221; bg_image_animation=&#8221;none&#8221; border_type=&#8221;simple&#8221; column_border_width=&#8221;none&#8221; column_border_style=&#8221;solid&#8221;][divider line_type=&#8221;No Line&#8221; custom_height=&#8221;420&#8243; custom_height_phone=&#8221;250&#8243;][\/vc_column][\/vc_row][vc_row type=&#8221;in_container&#8221; full_screen_row_position=&#8221;middle&#8221; column_margin=&#8221;default&#8221; column_direction=&#8221;default&#8221; column_direction_tablet=&#8221;column_reverse&#8221; column_direction_phone=&#8221;default&#8221; scene_position=&#8221;center&#8221; top_padding=&#8221;30&#8243; text_color=&#8221;dark&#8221; text_align=&#8221;left&#8221; row_border_radius=&#8221;none&#8221; row_border_radius_applies=&#8221;bg&#8221; overflow=&#8221;visible&#8221; overlay_strength=&#8221;0.3&#8243; gradient_direction=&#8221;left_to_right&#8221; shape_divider_position=&#8221;bottom&#8221; bg_image_animation=&#8221;none&#8221; gradient_type=&#8221;default&#8221; shape_type=&#8221;&#8221;][vc_column right_padding_desktop=&#8221;50&#8243; left_padding_tablet=&#8221;20&#8243; right_padding_tablet=&#8221;20&#8243; top_margin=&#8221;-200&#8243; top_margin_tablet=&#8221;0&#8243; column_element_direction_desktop=&#8221;default&#8221; column_element_spacing=&#8221;default&#8221; desktop_text_alignment=&#8221;default&#8221; tablet_text_alignment=&#8221;default&#8221; phone_text_alignment=&#8221;default&#8221; background_color_opacity=&#8221;1&#8243; background_hover_color_opacity=&#8221;1&#8243; column_backdrop_filter=&#8221;none&#8221; column_shadow=&#8221;none&#8221; column_border_radius=&#8221;none&#8221; column_link_target=&#8221;_self&#8221; column_position=&#8221;default&#8221; gradient_direction=&#8221;left_to_right&#8221; overlay_strength=&#8221;0.3&#8243; width=&#8221;1\/2&#8243; tablet_width_inherit=&#8221;default&#8221; animation_type=&#8221;default&#8221; bg_image_animation=&#8221;none&#8221; border_type=&#8221;simple&#8221; column_border_width=&#8221;none&#8221; column_border_style=&#8221;solid&#8221; column_padding_type=&#8221;advanced&#8221; gradient_type=&#8221;default&#8221;][vc_raw_html]JTVCbGVhZmxldC1tYXAlMjBmaXRib3VuZHMlMjBtYXhib3VuZHMlM0QlMjI0Ni4zNjUwJTJDJTIwMTIuODA4JTNCNDYuNTY1MCUyQyUyMDEyLjYwOCUyMiUyMGhlaWdodCUzRDQ1MHB4JTVEJTVCZWxldmF0aW9uJTIwZ3B4JTNEJTIyaHR0cHMlM0ElMkYlMkZ3d3cuc2F1cmlzLm9yZyUyRmdweCUyRjNDLmdweCUyMiU1RCU1QmxheWVyc3dpdGNoJTVEJTVCZnVsbHNjcmVlbiU1RA==[\/vc_raw_html][\/vc_column][vc_column top_padding_desktop=&#8221;60&#8243; constrain_group_100=&#8221;yes&#8221; bottom_padding_desktop=&#8221;60&#8243; left_padding_desktop=&#8221;60&#8243; constrain_group_101=&#8221;yes&#8221; right_padding_desktop=&#8221;60&#8243; top_padding_tablet=&#8221;30&#8243; constrain_group_102=&#8221;yes&#8221; bottom_padding_tablet=&#8221;30&#8243; left_padding_tablet=&#8221;30&#8243; constrain_group_103=&#8221;yes&#8221; right_padding_tablet=&#8221;30&#8243; top_margin_tablet=&#8221;-200&#8243; column_element_direction_desktop=&#8221;default&#8221; column_element_spacing=&#8221;default&#8221; desktop_text_alignment=&#8221;default&#8221; tablet_text_alignment=&#8221;default&#8221; phone_text_alignment=&#8221;default&#8221; background_color=&#8221;#ffffff&#8221; background_color_opacity=&#8221;1&#8243; background_hover_color_opacity=&#8221;1&#8243; column_backdrop_filter=&#8221;none&#8221; column_shadow=&#8221;none&#8221; column_border_radius=&#8221;10px&#8221; column_link_target=&#8221;_self&#8221; column_position=&#8221;default&#8221; el_class=&#8221;col-box-shadow decoSentiero decoDettSentiero decoViola&#8221; gradient_direction=&#8221;left_to_right&#8221; overlay_strength=&#8221;0.3&#8243; width=&#8221;1\/2&#8243; tablet_width_inherit=&#8221;default&#8221; animation_type=&#8221;default&#8221; bg_image_animation=&#8221;none&#8221; border_type=&#8221;simple&#8221; column_border_width=&#8221;none&#8221; column_border_style=&#8221;solid&#8221; column_padding_type=&#8221;advanced&#8221; gradient_type=&#8221;default&#8221;][vc_column_text el_class=&#8221;sentieroTit&#8221;]\n<h1>3C<\/h1>\n[\/vc_column_text][vc_column_text]\n<h3>Festons &#8211; Malins &#8211; Pieltinis<\/h3>\n[\/vc_column_text][divider line_type=&#8221;No Line&#8221; custom_height=&#8221;15&#8243;][vc_column_text]<b>EIGENSCHAFTEN:<\/b>[\/vc_column_text][divider line_type=&#8221;No Line&#8221; custom_height=&#8221;15&#8243;][vc_column_text]<strong>L\u00e4nge:<\/strong>\u00a010.52 km<br \/>\n<strong>Gesch\u00e4tzte Dauer:<\/strong>\u00a004h:34&#8242;:22&#8243;<br \/>\n<strong>Aufstieg insgesamt:<\/strong>\u00a0\u2b08 891 m<br \/>\n<strong>Abstieg insgesamt:<\/strong>\u00a0\u2b0a\u00a0 -560 m<br \/>\n<strong>Schwierigkeitsgrad:<\/strong> Schwierig[\/vc_column_text][divider line_type=&#8221;No Line&#8221; custom_height=&#8221;30&#8243;][vc_raw_html]JTNDYSUyMGNsYXNzJTNEJTIybmVjdGFyLWJ1dHRvbiUyMHNtYWxsJTIwcmVndWxhciUyMGFjY2VudC1jb2xvciUyMHJlZ3VsYXItYnV0dG9uJTIyJTIwaHJlZiUzRCUyMmh0dHBzJTNBJTJGJTJGd3d3LnNhdXJpcy5vcmclMkZncHglMkYzQy5ncHglMjIlMjBkb3dubG9hZCUyMGRhdGEtY29sb3Itb3ZlcnJpZGUlM0QlMjJmYWxzZSUyMiUyMGRhdGEtaG92ZXItY29sb3Itb3ZlcnJpZGUlM0QlMjJmYWxzZSUyMiUyMGRhdGEtaG92ZXItdGV4dC1jb2xvci1vdmVycmlkZSUzRCUyMiUyM2ZmZiUyMiUzRSUzQ3NwYW4lM0VHUFglMjBoZXJ1bnRlcmxhZGVuJTNDJTJGc3BhbiUzRSUzQyUyRmElM0U=[\/vc_raw_html][\/vc_column][\/vc_row][vc_row type=&#8221;in_container&#8221; full_screen_row_position=&#8221;middle&#8221; column_margin=&#8221;default&#8221; column_direction=&#8221;default&#8221; column_direction_tablet=&#8221;default&#8221; column_direction_phone=&#8221;default&#8221; scene_position=&#8221;center&#8221; top_padding=&#8221;60&#8243; top_padding_tablet=&#8221;30&#8243; text_color=&#8221;dark&#8221; text_align=&#8221;left&#8221; row_border_radius=&#8221;none&#8221; row_border_radius_applies=&#8221;bg&#8221; overflow=&#8221;visible&#8221; overlay_strength=&#8221;0.3&#8243; gradient_direction=&#8221;left_to_right&#8221; shape_divider_position=&#8221;bottom&#8221; bg_image_animation=&#8221;none&#8221; gradient_type=&#8221;default&#8221; shape_type=&#8221;&#8221;][vc_column column_padding=&#8221;no-extra-padding&#8221; column_padding_tablet=&#8221;inherit&#8221; column_padding_phone=&#8221;inherit&#8221; column_padding_position=&#8221;all&#8221; column_element_direction_desktop=&#8221;default&#8221; column_element_spacing=&#8221;default&#8221; desktop_text_alignment=&#8221;default&#8221; tablet_text_alignment=&#8221;default&#8221; phone_text_alignment=&#8221;default&#8221; background_color_opacity=&#8221;1&#8243; background_hover_color_opacity=&#8221;1&#8243; column_backdrop_filter=&#8221;none&#8221; column_shadow=&#8221;none&#8221; column_border_radius=&#8221;none&#8221; column_link_target=&#8221;_self&#8221; column_position=&#8221;default&#8221; gradient_direction=&#8221;left_to_right&#8221; overlay_strength=&#8221;0.3&#8243; width=&#8221;1\/1&#8243; tablet_width_inherit=&#8221;default&#8221; animation_type=&#8221;default&#8221; bg_image_animation=&#8221;none&#8221; border_type=&#8221;simple&#8221; column_border_width=&#8221;none&#8221; column_border_style=&#8221;solid&#8221; column_padding_type=&#8221;default&#8221; gradient_type=&#8221;default&#8221;][vc_column_text]Die Stra\u00dfe ist nur teilweise asphaltiert und f\u00fcr den Touristenverkehr gesperrt. Der Ausgangspunkt ist der Hauptplatz von Sauris di Sopra (ca. 1400 m), wo man die Stra\u00dfe rechts vom kleinen Brunnen nimmt. Der erste, sehr steile Abschnitt f\u00fchrt durch die Ortschaft Vlekhe zum Sattel Sella di Festons auf einer H\u00f6he von 1860 m.<\/p>\n<p>Von hier aus \u00f6ffnet sich der Blick auf die weite, im Halbkreis angeordnete Hochebene der Almen von Rioda, Festons und Malino, auf einige eindrucksvolle Gletscherseen und vor allem auf die pr\u00e4chtige Krone der Dolomiten des Pesarina-Tals. Der Weg f\u00fchrt weiter durch Weiden bis zur K\u00e4serei Casera Festons (CAI-Weg Nr. 204); in Richtung der Alm Malga Malino geht es hinauf bis auf eine H\u00f6he von 1862 m zu einem Pass, von dem aus man einen gro\u00dfartigen Ausblick hat. Danach folgt ein m\u00e4\u00dfig flaches St\u00fcck, bevor es steil bergab in eine Senke geht. Nach der Senke folgt nur noch ein kurzer Anstieg bis zu den Almwiesen von Malino.<\/p>\n<p>Die Stra\u00dfe f\u00fchrt weiter bergab bis zu den Almen, die wundersch\u00f6n auf einer H\u00f6he von 1686 m an den Nordh\u00e4ngen des Monte Pieltinis liegen. Eine kleine Abzweigung f\u00fchrt zu einem weiteren Panoramaplatz in der N\u00e4he einer Wasserstelle. Nach einem sanften Abstieg geht es fast sofort wieder bergauf in Richtung des Passes auf 1880 m H\u00f6he, von dem aus man nach einem kurzen Abstieg die K\u00e4serei Casera Vinadia Grande erreicht. Von hier sieht man die gesamte Strecke mit dem leichten Aufstieg zum Pass Forcella Pieltinis.[\/vc_column_text][divider line_type=&#8221;No Line&#8221; custom_height=&#8221;60&#8243; custom_height_tablet=&#8221;30&#8243;][vc_gallery type=&#8221;image_grid&#8221; images=&#8221;3304&#8243; image_grid_loading=&#8221;default&#8221; layout=&#8221;4&#8243; item_spacing=&#8221;10px&#8221; gallery_style=&#8221;3&#8243; load_in_animation=&#8221;none&#8221; img_size=&#8221;full&#8221; el_class=&#8221;galleryGrid&#8221;][\/vc_column][\/vc_row][vc_row type=&#8221;in_container&#8221; full_screen_row_position=&#8221;middle&#8221; column_margin=&#8221;default&#8221; column_direction=&#8221;default&#8221; column_direction_tablet=&#8221;default&#8221; column_direction_phone=&#8221;default&#8221; scene_position=&#8221;center&#8221; top_padding=&#8221;60&#8243; top_padding_tablet=&#8221;30&#8243; text_color=&#8221;dark&#8221; text_align=&#8221;left&#8221; row_border_radius=&#8221;none&#8221; row_border_radius_applies=&#8221;bg&#8221; overflow=&#8221;visible&#8221; class=&#8221;btnTornaMappa&#8221; overlay_strength=&#8221;0.3&#8243; gradient_direction=&#8221;left_to_right&#8221; shape_divider_position=&#8221;bottom&#8221; bg_image_animation=&#8221;none&#8221; gradient_type=&#8221;default&#8221; shape_type=&#8221;&#8221;][vc_column column_padding=&#8221;no-extra-padding&#8221; column_padding_tablet=&#8221;inherit&#8221; column_padding_phone=&#8221;inherit&#8221; column_padding_position=&#8221;all&#8221; column_element_direction_desktop=&#8221;default&#8221; column_element_spacing=&#8221;default&#8221; desktop_text_alignment=&#8221;center&#8221; tablet_text_alignment=&#8221;default&#8221; phone_text_alignment=&#8221;default&#8221; background_color_opacity=&#8221;1&#8243; background_hover_color_opacity=&#8221;1&#8243; column_backdrop_filter=&#8221;none&#8221; column_shadow=&#8221;none&#8221; column_border_radius=&#8221;none&#8221; column_link_target=&#8221;_self&#8221; column_position=&#8221;default&#8221; gradient_direction=&#8221;left_to_right&#8221; overlay_strength=&#8221;0.3&#8243; width=&#8221;1\/1&#8243; tablet_width_inherit=&#8221;default&#8221; animation_type=&#8221;default&#8221; bg_image_animation=&#8221;none&#8221; border_type=&#8221;simple&#8221; column_border_width=&#8221;none&#8221; column_border_style=&#8221;solid&#8221; column_padding_type=&#8221;default&#8221; gradient_type=&#8221;default&#8221;][nectar_btn size=&#8221;small&#8221; open_new_tab=&#8221;true&#8221; button_style=&#8221;regular&#8221; button_color_2=&#8221;Extra-Color-3&#8243; icon_family=&#8221;none&#8221; el_class=&#8221;btnIco btn-mappa&#8221; text=&#8221;\u00dcbersichtskarte ansehen&#8221; url=&#8221;https:\/\/mappe.sauris.org\/&#8221;][nectar_btn size=&#8221;small&#8221; button_style=&#8221;regular&#8221; button_color_2=&#8221;Extra-Color-3&#8243; icon_family=&#8221;none&#8221; el_class=&#8221;btnIco btn-come-arrivare&#8221; text=&#8221;Zur\u00fcck zu den Wanderwegen&#8221; url=&#8221;https:\/\/sandbox.sauris.org\/de\/unberuhrte-natur\/wege\/#wege&#8221;][\/vc_column][\/vc_row]\n","protected":false},"excerpt":{"rendered":"<p>[vc_row type=&#8221;full_width_content&#8221; full_screen_row_position=&#8221;middle&#8221; column_margin=&#8221;default&#8221; column_direction=&#8221;default&#8221; column_direction_tablet=&#8221;default&#8221; column_direction_phone=&#8221;default&#8221; scene_position=&#8221;center&#8221; text_color=&#8221;dark&#8221; text_align=&#8221;left&#8221; row_border_radius=&#8221;none&#8221; row_border_radius_applies=&#8221;bg&#8221; overflow=&#8221;visible&#8221; class=&#8221;lineaMontBianca headerSentiero&#8221; enable_gradient=&#8221;true&#8221; color_overlay=&#8221;rgba(0,0,0,0.38)&#8221; color_overlay_2=&#8221;rgba(0,0,0,0.01)&#8221; overlay_strength=&#8221;1&#8243; gradient_direction=&#8221;top_to_bottom&#8221; shape_divider_position=&#8221;bottom&#8221; bg_image_animation=&#8221;none&#8221; gradient_type=&#8221;default&#8221; shape_type=&#8221;&#8221;][vc_column column_padding=&#8221;no-extra-padding&#8221; column_padding_tablet=&#8221;inherit&#8221; column_padding_phone=&#8221;inherit&#8221; column_padding_position=&#8221;all&#8221; column_element_direction_desktop=&#8221;default&#8221; column_element_spacing=&#8221;default&#8221;&#8230;<\/p>\n","protected":false},"author":15,"featured_media":0,"parent":19600,"menu_order":0,"comment_status":"closed","ping_status":"closed","template":"","meta":{"_acf_changed":false,"footnotes":""},"class_list":["post-19755","page","type-page","status-publish"],"acf":[],"yoast_head":"<!-- This site is optimized with the Yoast SEO plugin v24.3 - https:\/\/yoast.com\/wordpress\/plugins\/seo\/ -->\n<title>3C &#8226; Sauris Zahre<\/title>\n<meta name=\"robots\" content=\"noindex, follow, max-snippet:-1, max-image-preview:large, max-video-preview:-1\" \/>\n<meta property=\"og:locale\" content=\"de_DE\" \/>\n<meta property=\"og:type\" content=\"article\" \/>\n<meta property=\"og:title\" content=\"3C &#8226; Sauris Zahre\" \/>\n<meta property=\"og:description\" content=\"[vc_row type=&#8221;full_width_content&#8221; full_screen_row_position=&#8221;middle&#8221; column_margin=&#8221;default&#8221; column_direction=&#8221;default&#8221; column_direction_tablet=&#8221;default&#8221; column_direction_phone=&#8221;default&#8221; scene_position=&#8221;center&#8221; text_color=&#8221;dark&#8221; text_align=&#8221;left&#8221; row_border_radius=&#8221;none&#8221; row_border_radius_applies=&#8221;bg&#8221; overflow=&#8221;visible&#8221; class=&#8221;lineaMontBianca headerSentiero&#8221; enable_gradient=&#8221;true&#8221; color_overlay=&#8221;rgba(0,0,0,0.38)&#8221; color_overlay_2=&#8221;rgba(0,0,0,0.01)&#8221; overlay_strength=&#8221;1&#8243; gradient_direction=&#8221;top_to_bottom&#8221; shape_divider_position=&#8221;bottom&#8221; bg_image_animation=&#8221;none&#8221; gradient_type=&#8221;default&#8221; shape_type=&#8221;&#8221;][vc_column column_padding=&#8221;no-extra-padding&#8221; column_padding_tablet=&#8221;inherit&#8221; column_padding_phone=&#8221;inherit&#8221; column_padding_position=&#8221;all&#8221; column_element_direction_desktop=&#8221;default&#8221; column_element_spacing=&#8221;default&#8221;...\" \/>\n<meta property=\"og:url\" content=\"https:\/\/sandbox.sauris.org\/de\/unberuehrte-natur\/wege\/3c\/\" \/>\n<meta property=\"og:site_name\" content=\"Sauris Zahre\" \/>\n<meta property=\"article:publisher\" content=\"https:\/\/www.facebook.com\/SaurisZahre\" \/>\n<meta property=\"article:modified_time\" content=\"2024-05-30T09:32:14+00:00\" \/>\n<meta property=\"og:image\" content=\"https:\/\/sandbox.sauris.org\/wp-content\/uploads\/2023\/11\/header-home-01.jpg\" \/>\n\t<meta property=\"og:image:width\" content=\"1920\" \/>\n\t<meta property=\"og:image:height\" content=\"1080\" \/>\n\t<meta property=\"og:image:type\" content=\"image\/jpeg\" \/>\n<meta name=\"twitter:card\" content=\"summary_large_image\" \/>\n<meta name=\"twitter:label1\" content=\"Gesch\u00e4tzte Lesezeit\" \/>\n\t<meta name=\"twitter:data1\" content=\"4 Minuten\" \/>\n<script type=\"application\/ld+json\" class=\"yoast-schema-graph\">{\"@context\":\"https:\/\/schema.org\",\"@graph\":[{\"@type\":\"WebPage\",\"@id\":\"https:\/\/sandbox.sauris.org\/de\/unberuehrte-natur\/wege\/3c\/\",\"url\":\"https:\/\/sandbox.sauris.org\/de\/unberuehrte-natur\/wege\/3c\/\",\"name\":\"3C &#8226; Sauris Zahre\",\"isPartOf\":{\"@id\":\"https:\/\/sandbox.sauris.org\/#website\"},\"datePublished\":\"2024-01-22T11:12:43+00:00\",\"dateModified\":\"2024-05-30T09:32:14+00:00\",\"breadcrumb\":{\"@id\":\"https:\/\/sandbox.sauris.org\/de\/unberuehrte-natur\/wege\/3c\/#breadcrumb\"},\"inLanguage\":\"de-DE\",\"potentialAction\":[{\"@type\":\"ReadAction\",\"target\":[\"https:\/\/sandbox.sauris.org\/de\/unberuehrte-natur\/wege\/3c\/\"]}]},{\"@type\":\"BreadcrumbList\",\"@id\":\"https:\/\/sandbox.sauris.org\/de\/unberuehrte-natur\/wege\/3c\/#breadcrumb\",\"itemListElement\":[{\"@type\":\"ListItem\",\"position\":1,\"name\":\"Home\",\"item\":\"https:\/\/sandbox.sauris.org\/de\/\"},{\"@type\":\"ListItem\",\"position\":2,\"name\":\"Unber\u00fchrte Natur\",\"item\":\"https:\/\/sandbox.sauris.org\/de\/unberuehrte-natur\/\"},{\"@type\":\"ListItem\",\"position\":3,\"name\":\"Wege\",\"item\":\"https:\/\/sandbox.sauris.org\/de\/unberuehrte-natur\/wege\/\"},{\"@type\":\"ListItem\",\"position\":4,\"name\":\"3C\"}]},{\"@type\":\"WebSite\",\"@id\":\"https:\/\/sandbox.sauris.org\/#website\",\"url\":\"https:\/\/sandbox.sauris.org\/\",\"name\":\"Rete Sauris\",\"description\":\"Turismo Sauris Friuli Venezia Giulia\",\"publisher\":{\"@id\":\"https:\/\/sandbox.sauris.org\/#organization\"},\"potentialAction\":[{\"@type\":\"SearchAction\",\"target\":{\"@type\":\"EntryPoint\",\"urlTemplate\":\"https:\/\/sandbox.sauris.org\/?s={search_term_string}\"},\"query-input\":{\"@type\":\"PropertyValueSpecification\",\"valueRequired\":true,\"valueName\":\"search_term_string\"}}],\"inLanguage\":\"de-DE\"},{\"@type\":\"Organization\",\"@id\":\"https:\/\/sandbox.sauris.org\/#organization\",\"name\":\"Turismo Sauris Friuli Venezia Giulia\",\"url\":\"https:\/\/sandbox.sauris.org\/\",\"logo\":{\"@type\":\"ImageObject\",\"inLanguage\":\"de-DE\",\"@id\":\"https:\/\/sandbox.sauris.org\/#\/schema\/logo\/image\/\",\"url\":\"https:\/\/sandbox.sauris.org\/wp-content\/uploads\/2023\/11\/rete-sauris-logo-bianco.png\",\"contentUrl\":\"https:\/\/sandbox.sauris.org\/wp-content\/uploads\/2023\/11\/rete-sauris-logo-bianco.png\",\"width\":512,\"height\":105,\"caption\":\"Turismo Sauris Friuli Venezia Giulia\"},\"image\":{\"@id\":\"https:\/\/sandbox.sauris.org\/#\/schema\/logo\/image\/\"},\"sameAs\":[\"https:\/\/www.facebook.com\/SaurisZahre\"]}]}<\/script>\n<!-- \/ Yoast SEO plugin. -->","yoast_head_json":{"title":"3C &#8226; Sauris Zahre","robots":{"index":"noindex","follow":"follow","max-snippet":"max-snippet:-1","max-image-preview":"max-image-preview:large","max-video-preview":"max-video-preview:-1"},"og_locale":"de_DE","og_type":"article","og_title":"3C &#8226; Sauris Zahre","og_description":"[vc_row type=&#8221;full_width_content&#8221; full_screen_row_position=&#8221;middle&#8221; column_margin=&#8221;default&#8221; column_direction=&#8221;default&#8221; column_direction_tablet=&#8221;default&#8221; column_direction_phone=&#8221;default&#8221; scene_position=&#8221;center&#8221; text_color=&#8221;dark&#8221; text_align=&#8221;left&#8221; row_border_radius=&#8221;none&#8221; row_border_radius_applies=&#8221;bg&#8221; overflow=&#8221;visible&#8221; class=&#8221;lineaMontBianca headerSentiero&#8221; enable_gradient=&#8221;true&#8221; color_overlay=&#8221;rgba(0,0,0,0.38)&#8221; color_overlay_2=&#8221;rgba(0,0,0,0.01)&#8221; overlay_strength=&#8221;1&#8243; gradient_direction=&#8221;top_to_bottom&#8221; shape_divider_position=&#8221;bottom&#8221; bg_image_animation=&#8221;none&#8221; gradient_type=&#8221;default&#8221; shape_type=&#8221;&#8221;][vc_column column_padding=&#8221;no-extra-padding&#8221; column_padding_tablet=&#8221;inherit&#8221; column_padding_phone=&#8221;inherit&#8221; column_padding_position=&#8221;all&#8221; column_element_direction_desktop=&#8221;default&#8221; column_element_spacing=&#8221;default&#8221;...","og_url":"https:\/\/sandbox.sauris.org\/de\/unberuehrte-natur\/wege\/3c\/","og_site_name":"Sauris Zahre","article_publisher":"https:\/\/www.facebook.com\/SaurisZahre","article_modified_time":"2024-05-30T09:32:14+00:00","og_image":[{"width":1920,"height":1080,"url":"https:\/\/sandbox.sauris.org\/wp-content\/uploads\/2023\/11\/header-home-01.jpg","type":"image\/jpeg"}],"twitter_card":"summary_large_image","twitter_misc":{"Gesch\u00e4tzte Lesezeit":"4 Minuten"},"schema":{"@context":"https:\/\/schema.org","@graph":[{"@type":"WebPage","@id":"https:\/\/sandbox.sauris.org\/de\/unberuehrte-natur\/wege\/3c\/","url":"https:\/\/sandbox.sauris.org\/de\/unberuehrte-natur\/wege\/3c\/","name":"3C &#8226; Sauris Zahre","isPartOf":{"@id":"https:\/\/sandbox.sauris.org\/#website"},"datePublished":"2024-01-22T11:12:43+00:00","dateModified":"2024-05-30T09:32:14+00:00","breadcrumb":{"@id":"https:\/\/sandbox.sauris.org\/de\/unberuehrte-natur\/wege\/3c\/#breadcrumb"},"inLanguage":"de-DE","potentialAction":[{"@type":"ReadAction","target":["https:\/\/sandbox.sauris.org\/de\/unberuehrte-natur\/wege\/3c\/"]}]},{"@type":"BreadcrumbList","@id":"https:\/\/sandbox.sauris.org\/de\/unberuehrte-natur\/wege\/3c\/#breadcrumb","itemListElement":[{"@type":"ListItem","position":1,"name":"Home","item":"https:\/\/sandbox.sauris.org\/de\/"},{"@type":"ListItem","position":2,"name":"Unber\u00fchrte Natur","item":"https:\/\/sandbox.sauris.org\/de\/unberuehrte-natur\/"},{"@type":"ListItem","position":3,"name":"Wege","item":"https:\/\/sandbox.sauris.org\/de\/unberuehrte-natur\/wege\/"},{"@type":"ListItem","position":4,"name":"3C"}]},{"@type":"WebSite","@id":"https:\/\/sandbox.sauris.org\/#website","url":"https:\/\/sandbox.sauris.org\/","name":"Rete Sauris","description":"Turismo Sauris Friuli Venezia Giulia","publisher":{"@id":"https:\/\/sandbox.sauris.org\/#organization"},"potentialAction":[{"@type":"SearchAction","target":{"@type":"EntryPoint","urlTemplate":"https:\/\/sandbox.sauris.org\/?s={search_term_string}"},"query-input":{"@type":"PropertyValueSpecification","valueRequired":true,"valueName":"search_term_string"}}],"inLanguage":"de-DE"},{"@type":"Organization","@id":"https:\/\/sandbox.sauris.org\/#organization","name":"Turismo Sauris Friuli Venezia Giulia","url":"https:\/\/sandbox.sauris.org\/","logo":{"@type":"ImageObject","inLanguage":"de-DE","@id":"https:\/\/sandbox.sauris.org\/#\/schema\/logo\/image\/","url":"https:\/\/sandbox.sauris.org\/wp-content\/uploads\/2023\/11\/rete-sauris-logo-bianco.png","contentUrl":"https:\/\/sandbox.sauris.org\/wp-content\/uploads\/2023\/11\/rete-sauris-logo-bianco.png","width":512,"height":105,"caption":"Turismo Sauris Friuli Venezia Giulia"},"image":{"@id":"https:\/\/sandbox.sauris.org\/#\/schema\/logo\/image\/"},"sameAs":["https:\/\/www.facebook.com\/SaurisZahre"]}]}},"_links":{"self":[{"href":"https:\/\/sandbox.sauris.org\/de\/wp-json\/wp\/v2\/pages\/19755"}],"collection":[{"href":"https:\/\/sandbox.sauris.org\/de\/wp-json\/wp\/v2\/pages"}],"about":[{"href":"https:\/\/sandbox.sauris.org\/de\/wp-json\/wp\/v2\/types\/page"}],"author":[{"embeddable":true,"href":"https:\/\/sandbox.sauris.org\/de\/wp-json\/wp\/v2\/users\/15"}],"replies":[{"embeddable":true,"href":"https:\/\/sandbox.sauris.org\/de\/wp-json\/wp\/v2\/comments?post=19755"}],"version-history":[{"count":2,"href":"https:\/\/sandbox.sauris.org\/de\/wp-json\/wp\/v2\/pages\/19755\/revisions"}],"predecessor-version":[{"id":19770,"href":"https:\/\/sandbox.sauris.org\/de\/wp-json\/wp\/v2\/pages\/19755\/revisions\/19770"}],"up":[{"embeddable":true,"href":"https:\/\/sandbox.sauris.org\/de\/wp-json\/wp\/v2\/pages\/19600"}],"wp:attachment":[{"href":"https:\/\/sandbox.sauris.org\/de\/wp-json\/wp\/v2\/media?parent=19755"}],"curies":[{"name":"wp","href":"https:\/\/api.w.org\/{rel}","templated":true}]}}